{"id":1732,"date":"2024-10-17T09:48:21","date_gmt":"2024-10-17T07:48:21","guid":{"rendered":"https:\/\/www.wac2027.com\/esp\/?page_id=1732"},"modified":"2024-10-17T10:06:00","modified_gmt":"2024-10-17T08:06:00","slug":"alojamiento-2","status":"publish","type":"page","link":"https:\/\/www.wac2027.com\/esp\/alojamiento-2\/","title":{"rendered":"Alojamiento"},"content":{"rendered":"<p>[et_pb_section fb_built=&#8221;1&#8243; module_class=&#8221;page-title&#8221; _builder_version=&#8221;4.25.0&#8243; _module_preset=&#8221;default&#8221; background_image=&#8221;https:\/\/www.wac2027.com\/esp\/wp-content\/uploads\/2023\/01\/pexels-jean-van-der-meulen-6252331.jpg&#8221; background_position=&#8221;bottom_center&#8221; global_colors_info=&#8221;{}&#8221;][et_pb_row _builder_version=&#8221;4.17.4&#8243; _module_preset=&#8221;default&#8221; global_colors_info=&#8221;{}&#8221;][et_pb_column type=&#8221;4_4&#8243; _builder_version=&#8221;4.17.4&#8243; _module_preset=&#8221;default&#8221; global_colors_info=&#8221;{}&#8221;][et_pb_post_title meta=&#8221;off&#8221; featured_image=&#8221;off&#8221; _builder_version=&#8221;4.17.4&#8243; _module_preset=&#8221;default&#8221; global_colors_info=&#8221;{}&#8221;][\/et_pb_post_title][et_pb_text _builder_version=&#8221;4.25.0&#8243; _module_preset=&#8221;default&#8221; global_colors_info=&#8221;{}&#8221;]<a href=\"https:\/\/www.wac2027.com\/esp\/wp\">Inicio<\/a>\u00a0 \/\/ \u00a0Alojamiento[\/et_pb_text][\/et_pb_column][\/et_pb_row][\/et_pb_section][et_pb_section fb_built=&#8221;1&#8243; module_class=&#8221;pledge&#8221; _builder_version=&#8221;4.19.4&#8243; _module_preset=&#8221;default&#8221; custom_padding=&#8221;0px||0px||false|false&#8221; global_module=&#8221;1383&#8243; global_colors_info=&#8221;{}&#8221;][et_pb_row _builder_version=&#8221;4.19.4&#8243; _module_preset=&#8221;default&#8221; custom_padding=&#8221;0px||0px||false|false&#8221; global_colors_info=&#8221;{}&#8221;][et_pb_column type=&#8221;4_4&#8243; _builder_version=&#8221;4.19.4&#8243; _module_preset=&#8221;default&#8221; global_colors_info=&#8221;{}&#8221;][et_pb_button button_url=&#8221;https:\/\/www.wac2027.com\/esp\/brinde-su-apoyo\/&#8221; button_text=&#8221;BRINDE SU APOYO&#8221; _builder_version=&#8221;4.20.0&#8243; _module_preset=&#8221;default&#8221; global_colors_info=&#8221;{}&#8221;][\/et_pb_button][\/et_pb_column][\/et_pb_row][\/et_pb_section][et_pb_section fb_built=&#8221;1&#8243; _builder_version=&#8221;4.19.4&#8243; _module_preset=&#8221;default&#8221; global_colors_info=&#8221;{}&#8221;][et_pb_row _builder_version=&#8221;4.25.0&#8243; _module_preset=&#8221;default&#8221; global_colors_info=&#8221;{}&#8221;][et_pb_column type=&#8221;4_4&#8243; _builder_version=&#8221;4.25.0&#8243; _module_preset=&#8221;default&#8221; global_colors_info=&#8221;{}&#8221;][et_pb_text _builder_version=&#8221;4.25.0&#8243; _module_preset=&#8221;default&#8221; hover_enabled=&#8221;0&#8243; global_colors_info=&#8221;{}&#8221; sticky_enabled=&#8221;0&#8243;]<span>Ciudad del Cabo y la Provincia Occidental del Cabo es un destino popular de vacaciones en todo el mundo, que ofrece excelentes opciones de alojamiento para todos los perfiles de viajeros. Ciudad del Cabo ofrece una amplia variedad de opciones de alojamiento y cuenta con aproximadamente 20.000 habitaciones formales de hoteles de 3, 4 y 5 estrellas. La mayor\u00eda de estos hoteles est\u00e1n situados en las zonas de City Bowl, Waterfront y Atlantic Seaboard, todas ellas cerca del Centro Internacional de Convenciones de Ciudad del Cabo. Tambi\u00e9n existen muchos hoteles boutique de lujo, apartamentos con servicios y B&amp;B en la zona.<\/span><\/p>\n<p>&nbsp;<\/p>\n<h3>Disponibilidad hotelera actual (junio 2024)<\/h3>\n<table width=\"100%\">\n<tbody>\n<tr>\n<td bgcolor=\"#d4cb4c\">Tiempo hasta el Centro Internacional de Convenciones de Ciudad del Cabo (en minutos)<\/td>\n<td bgcolor=\"#d4cb4c\">Deluxe<\/td>\n<td bgcolor=\"#d4cb4c\">Superior<\/td>\n<td bgcolor=\"#d4cb4c\">Est\u00e1ndar<\/td>\n<td bgcolor=\"#d4cb4c\">Est\u00e1ndar<\/td>\n<\/tr>\n<tr>\n<td><span>5 minutos (caminando)<\/span><\/td>\n<td>2580<\/td>\n<td>3280<\/td>\n<td>2067<\/td>\n<td>250<\/td>\n<\/tr>\n<tr>\n<td><span>15 minutos (caminando)<\/span><\/td>\n<td>572<\/td>\n<td>1278<\/td>\n<td>523<\/td>\n<td>350<\/td>\n<\/tr>\n<tr>\n<td><span>30 minutos (en autom\u00f3vil)<\/span><\/td>\n<td>240<\/td>\n<td>700<\/td>\n<td>403<\/td>\n<td>350<\/td>\n<\/tr>\n<tr>\n<td><span>45 minutos (en autom\u00f3vil)<\/span><\/td>\n<td>250<\/td>\n<td>984<\/td>\n<td>481<\/td>\n<td>250<\/td>\n<\/tr>\n<\/tbody>\n<\/table>\n<p>&nbsp;<\/p>\n<h3>Resumen<\/h3>\n<p><span>El inventario de habitaciones de las categor\u00edas de 3, 4 y 5 estrellas incluye solo los hoteles formales actuales y excluye todos los establecimientos de pensiones y B&amp;B.<\/span><\/p>\n<p><span>Ciudad del Cabo ofrece un gran n\u00famero de pensiones y B&amp;B excelentes y bien valorados, que son una opci\u00f3n muy popular entre los delegados. Adem\u00e1s, varias empresas controlan el alquiler de apartamentos y casas de vacaciones, una opci\u00f3n muy popular entre los delegados que necesitan m\u00e1s flexibilidad.<\/span><\/p>\n<p><span>En la actualidad, AirBnB, el sitio web mundial de reserva y uso compartido de alojamientos, tiene m\u00e1s de 10.000 habitaciones disponibles en su inventario para Ciudad del Cabo.<\/span><\/p>\n<table width=\"100%\">\n<tbody>\n<tr>\n<td bgcolor=\"#fcf7a3\">Categor\u00eda del hotel<\/td>\n<td bgcolor=\"#fcf7a3\">Tarifa promedio por habitaci\u00f3n<br \/>\nHabitaci\u00f3n b\u00e1sica<br \/>\nOcupaci\u00f3n individual<br \/>\nRand sudafricano (R)<\/td>\n<td bgcolor=\"#fcf7a3\">Tarifa promedio por habitaci\u00f3n<br \/>\nHabitaci\u00f3n b\u00e1sica<br \/>\nOcupaci\u00f3n individual<br \/>\nD\u00f3lar estadounidense ($)<\/td>\n<\/tr>\n<tr>\n<td>Deluxe<\/td>\n<td>R3700 \u2013 R4500<\/td>\n<td>$204 \u2013 $249<\/td>\n<\/tr>\n<tr>\n<td>Superior<\/td>\n<td>R2500 \u2013 R3000<\/td>\n<td>$138 \u2013 $166<\/td>\n<\/tr>\n<tr>\n<td>Est\u00e1ndar<\/td>\n<td>R1200 \u2013 R1600<\/td>\n<td>$66 \u2013 $88<\/td>\n<\/tr>\n<tr>\n<td>Econ\u00f3mica<\/td>\n<td>R400 \u2013 R600<\/td>\n<td>$22 \u2013 $33<\/td>\n<\/tr>\n<tr>\n<td colspan=\"3\" bgcolor=\"#f7c54c\"><strong>Las tarifas anteriores se basan en los tipos de cambio actuales (agosto de 2024) $1 : R18,10<\/strong><\/td>\n<\/tr>\n<\/tbody>\n<\/table>\n<p><span>\u00a0<\/span>[\/et_pb_text][\/et_pb_column][\/et_pb_row][\/et_pb_section][et_pb_section fb_built=&#8221;1&#8243; _builder_version=&#8221;4.25.0&#8243; _module_preset=&#8221;default&#8221; global_colors_info=&#8221;{}&#8221;][et_pb_row _builder_version=&#8221;4.25.0&#8243; _module_preset=&#8221;default&#8221; global_colors_info=&#8221;{}&#8221;][et_pb_column type=&#8221;4_4&#8243; _builder_version=&#8221;4.25.0&#8243; _module_preset=&#8221;default&#8221; global_colors_info=&#8221;{}&#8221;][\/et_pb_column][\/et_pb_row][\/et_pb_section]<\/p>\n","protected":false},"excerpt":{"rendered":"<p>Inicio\u00a0 \/\/ \u00a0AlojamientoCiudad del Cabo y la Provincia Occidental del Cabo es un destino popular de vacaciones en todo el mundo, que ofrece excelentes opciones de alojamiento para todos los perfiles de viajeros. Ciudad del Cabo ofrece una amplia variedad de opciones de alojamiento y cuenta con aproximadamente 20.000 habitaciones formales de hoteles de 3, [&hellip;]<\/p>\n","protected":false},"author":1,"featured_media":0,"parent":0,"menu_order":0,"comment_status":"closed","ping_status":"closed","template":"","meta":{"_et_pb_use_builder":"on","_et_pb_old_content":"","_et_gb_content_width":"","footnotes":""},"class_list":["post-1732","page","type-page","status-publish","hentry"],"_links":{"self":[{"href":"https:\/\/www.wac2027.com\/esp\/wp-json\/wp\/v2\/pages\/1732","targetHints":{"allow":["GET"]}}],"collection":[{"href":"https:\/\/www.wac2027.com\/esp\/wp-json\/wp\/v2\/pages"}],"about":[{"href":"https:\/\/www.wac2027.com\/esp\/wp-json\/wp\/v2\/types\/page"}],"author":[{"embeddable":true,"href":"https:\/\/www.wac2027.com\/esp\/wp-json\/wp\/v2\/users\/1"}],"replies":[{"embeddable":true,"href":"https:\/\/www.wac2027.com\/esp\/wp-json\/wp\/v2\/comments?post=1732"}],"version-history":[{"count":7,"href":"https:\/\/www.wac2027.com\/esp\/wp-json\/wp\/v2\/pages\/1732\/revisions"}],"predecessor-version":[{"id":1744,"href":"https:\/\/www.wac2027.com\/esp\/wp-json\/wp\/v2\/pages\/1732\/revisions\/1744"}],"wp:attachment":[{"href":"https:\/\/www.wac2027.com\/esp\/wp-json\/wp\/v2\/media?parent=1732"}],"curies":[{"name":"wp","href":"https:\/\/api.w.org\/{rel}","templated":true}]}}