{"id":1468,"date":"2023-02-14T13:16:53","date_gmt":"2023-02-14T11:16:53","guid":{"rendered":"https:\/\/www.wac2027.com\/esp\/?page_id=1468"},"modified":"2023-03-27T13:28:06","modified_gmt":"2023-03-27T11:28:06","slug":"informacion-turistica","status":"publish","type":"page","link":"https:\/\/www.wac2027.com\/esp\/informacion-turistica\/","title":{"rendered":"Informaci\u00f3n Tur\u00edstica"},"content":{"rendered":"<p>[et_pb_section fb_built=&#8221;1&#8243; module_class=&#8221;page-title&#8221; _builder_version=&#8221;4.19.4&#8243; _module_preset=&#8221;default&#8221; background_image=&#8221;https:\/\/www.wac2027.com\/esp\/wp-content\/uploads\/2023\/01\/cape-town2.jpg&#8221; background_position=&#8221;center_left&#8221; global_colors_info=&#8221;{}&#8221;][et_pb_row _builder_version=&#8221;4.17.4&#8243; _module_preset=&#8221;default&#8221; global_colors_info=&#8221;{}&#8221;][et_pb_column type=&#8221;4_4&#8243; _builder_version=&#8221;4.17.4&#8243; _module_preset=&#8221;default&#8221; global_colors_info=&#8221;{}&#8221;][et_pb_post_title meta=&#8221;off&#8221; featured_image=&#8221;off&#8221; _builder_version=&#8221;4.17.4&#8243; _module_preset=&#8221;default&#8221; global_colors_info=&#8221;{}&#8221;][\/et_pb_post_title][et_pb_text _builder_version=&#8221;4.20.0&#8243; _module_preset=&#8221;default&#8221; hover_enabled=&#8221;0&#8243; global_colors_info=&#8221;{}&#8221; sticky_enabled=&#8221;0&#8243;]<a href=\"https:\/\/www.wac2027.com\/esp\/wp\">Inicio<\/a>\u00a0 \/\/ \u00a0Informaci\u00f3n Tur\u00edstica[\/et_pb_text][\/et_pb_column][\/et_pb_row][\/et_pb_section][et_pb_section fb_built=&#8221;1&#8243; module_class=&#8221;pledge&#8221; _builder_version=&#8221;4.19.4&#8243; _module_preset=&#8221;default&#8221; custom_padding=&#8221;0px||0px||false|false&#8221; global_module=&#8221;1383&#8243; global_colors_info=&#8221;{}&#8221;][et_pb_row _builder_version=&#8221;4.19.4&#8243; _module_preset=&#8221;default&#8221; custom_padding=&#8221;0px||0px||false|false&#8221; global_colors_info=&#8221;{}&#8221;][et_pb_column type=&#8221;4_4&#8243; _builder_version=&#8221;4.19.4&#8243; _module_preset=&#8221;default&#8221; global_colors_info=&#8221;{}&#8221;][et_pb_button button_url=&#8221;https:\/\/www.wac2027.com\/esp\/pledge-your-support\/&#8221; button_text=&#8221;BRINDE SU APOYO&#8221; _builder_version=&#8221;4.20.0&#8243; _module_preset=&#8221;default&#8221; global_colors_info=&#8221;{}&#8221;][\/et_pb_button][\/et_pb_column][\/et_pb_row][\/et_pb_section][et_pb_section fb_built=&#8221;1&#8243; _builder_version=&#8221;4.19.4&#8243; _module_preset=&#8221;default&#8221; global_colors_info=&#8221;{}&#8221;][et_pb_row column_structure=&#8221;1_3,2_3&#8243; _builder_version=&#8221;4.17.4&#8243; _module_preset=&#8221;default&#8221; global_colors_info=&#8221;{}&#8221;][et_pb_column type=&#8221;1_3&#8243; _builder_version=&#8221;4.17.4&#8243; _module_preset=&#8221;default&#8221; global_colors_info=&#8221;{}&#8221;][et_pb_image src=&#8221;https:\/\/www.wac2027.com\/esp\/wp-content\/uploads\/2023\/03\/Flights-1.jpg&#8221; title_text=&#8221;Flights&#8221; show_in_lightbox=&#8221;on&#8221; _builder_version=&#8221;4.19.4&#8243; _module_preset=&#8221;default&#8221; global_colors_info=&#8221;{}&#8221;][\/et_pb_image][et_pb_text _builder_version=&#8221;4.20.0&#8243; _module_preset=&#8221;default&#8221; hover_enabled=&#8221;0&#8243; global_colors_info=&#8221;{}&#8221; sticky_enabled=&#8221;0&#8243;]<\/p>\n<p style=\"text-align: center;\">Haga clic en la imagen para ver la red de rutas de la temporada de invierno de la IATA<\/p>\n<p>[\/et_pb_text][\/et_pb_column][et_pb_column type=&#8221;2_3&#8243; _builder_version=&#8221;4.17.4&#8243; _module_preset=&#8221;default&#8221; global_colors_info=&#8221;{}&#8221;][et_pb_text _builder_version=&#8221;4.20.0&#8243; _module_preset=&#8221;default&#8221; hover_enabled=&#8221;0&#8243; global_colors_info=&#8221;{}&#8221; sticky_enabled=&#8221;0&#8243;]El Aeropuerto Internacional de Ciudad del Cabo (CTIA) es el m\u00e1s premiado de \u00c1frica. Es el tercer aeropuerto m\u00e1s grande de \u00c1frica y recibe a m\u00e1s de 8 millones de pasajeros al a\u00f1o, de los cuales m\u00e1s del 50 % pasan por \u00e9l. Es el principal aeropuerto de Ciudad del Cabo.<\/p>\n<p>Situado a unos 20 kil\u00f3metros del centro de la ciudad, el aeropuerto cuenta con terminales nacionales e internacionales, conectadas por una terminal central com\u00fan.<\/p>\n<p>El aeropuerto ofrece vuelos directos desde las otras dos principales \u00e1reas urbanas de Sud\u00e1frica, Johannesburgo y Durban, as\u00ed como vuelos a centros m\u00e1s peque\u00f1os de Sud\u00e1frica.<\/p>\n<p>A escala internacional, ofrece vuelos directos a varios destinos de \u00c1frica, Asia y Europa, y muchos m\u00e1s v\u00eda Johannesburgo.[\/et_pb_text][\/et_pb_column][\/et_pb_row][\/et_pb_section][et_pb_section fb_built=&#8221;1&#8243; _builder_version=&#8221;4.19.4&#8243; _module_preset=&#8221;default&#8221; background_color=&#8221;#dbdbdb&#8221; global_colors_info=&#8221;{}&#8221;][et_pb_row column_structure=&#8221;1_2,1_2&#8243; module_class=&#8221;abtsa3&#8243; _builder_version=&#8221;4.19.4&#8243; _module_preset=&#8221;default&#8221; global_colors_info=&#8221;{}&#8221;][et_pb_column type=&#8221;1_2&#8243; _builder_version=&#8221;4.19.4&#8243; _module_preset=&#8221;default&#8221; global_colors_info=&#8221;{}&#8221;][et_pb_blurb title=&#8221;Transporte p\u00fablico&#8221; _builder_version=&#8221;4.20.0&#8243; _module_preset=&#8221;default&#8221; hover_enabled=&#8221;0&#8243; global_colors_info=&#8221;{}&#8221; sticky_enabled=&#8221;0&#8243;]<img loading=\"lazy\" decoding=\"async\" src=\"https:\/\/www.wac2027.com\/esp\/wp-content\/uploads\/2023\/02\/my-citi.jpg\" width=\"600\" height=\"350\" alt=\"\" class=\"wp-image-1516 alignnone size-full\" srcset=\"https:\/\/www.wac2027.com\/esp\/wp-content\/uploads\/2023\/02\/my-citi.jpg 600w, https:\/\/www.wac2027.com\/esp\/wp-content\/uploads\/2023\/02\/my-citi-480x280.jpg 480w\" sizes=\"auto, (min-width: 0px) and (max-width: 480px) 480px, (min-width: 481px) 600px, 100vw\" \/><\/p>\n<p>MyCiTi es el sistema de autobuses seguro, fiable y c\u00f3modo de Ciudad del Cabo. Es la forma perfecta de conectar con la ciudad desde el aeropuerto y explorar algunos de los destinos que ofrece Ciudad del Cabo.[\/et_pb_blurb][\/et_pb_column][et_pb_column type=&#8221;1_2&#8243; _builder_version=&#8221;4.19.4&#8243; _module_preset=&#8221;default&#8221; global_colors_info=&#8221;{}&#8221;][et_pb_blurb title=&#8221;Alquiler de veh\u00edculos&#8221; _builder_version=&#8221;4.20.0&#8243; _module_preset=&#8221;default&#8221; hover_enabled=&#8221;0&#8243; global_colors_info=&#8221;{}&#8221; sticky_enabled=&#8221;0&#8243;]<img loading=\"lazy\" decoding=\"async\" src=\"https:\/\/www.wac2027.com\/esp\/wp-content\/uploads\/2023\/02\/rental.jpg\" width=\"600\" height=\"350\" alt=\"\" class=\"wp-image-1520 alignnone size-full\" srcset=\"https:\/\/www.wac2027.com\/esp\/wp-content\/uploads\/2023\/02\/rental.jpg 600w, https:\/\/www.wac2027.com\/esp\/wp-content\/uploads\/2023\/02\/rental-480x280.jpg 480w\" sizes=\"auto, (min-width: 0px) and (max-width: 480px) 480px, (min-width: 481px) 600px, 100vw\" \/><\/p>\n<p>Ciudad del Cabo ofrece una amplia selecci\u00f3n de empresas de alquiler de autom\u00f3viles con buenos sistemas de carreteras. Se exige carn\u00e9 de conducir internacional y se conduce por la izquierda.[\/et_pb_blurb][\/et_pb_column][\/et_pb_row][et_pb_row column_structure=&#8221;1_2,1_2&#8243; module_class=&#8221;abtsa3&#8243; _builder_version=&#8221;4.19.4&#8243; _module_preset=&#8221;default&#8221; global_colors_info=&#8221;{}&#8221;][et_pb_column type=&#8221;1_2&#8243; _builder_version=&#8221;4.19.4&#8243; _module_preset=&#8221;default&#8221; global_colors_info=&#8221;{}&#8221;][et_pb_blurb title=&#8221;Taxi o autocar&#8221; _builder_version=&#8221;4.20.0&#8243; _module_preset=&#8221;default&#8221; hover_enabled=&#8221;0&#8243; global_colors_info=&#8221;{}&#8221; sticky_enabled=&#8221;0&#8243;]<img loading=\"lazy\" decoding=\"async\" src=\"https:\/\/www.wac2027.com\/esp\/wp-content\/uploads\/2023\/02\/taxi.jpg\" width=\"600\" height=\"350\" alt=\"\" class=\"wp-image-1517 alignnone size-full\" srcset=\"https:\/\/www.wac2027.com\/esp\/wp-content\/uploads\/2023\/02\/taxi.jpg 600w, https:\/\/www.wac2027.com\/esp\/wp-content\/uploads\/2023\/02\/taxi-480x280.jpg 480w\" sizes=\"auto, (min-width: 0px) and (max-width: 480px) 480px, (min-width: 481px) 600px, 100vw\" \/><\/p>\n<p>Autocares de lujo con aire acondicionado y autobuses lanzadera suelen transportar a los delegados entre el aeropuerto, los hoteles, las sedes de la Convenci\u00f3n y los actos. Tambi\u00e9n hay taxis con tax\u00edmetro. El servicio de viajes en l\u00ednea Uber es tambi\u00e9n una forma muy popular y c\u00f3moda de desplazarse por Ciudad del Cabo.[\/et_pb_blurb][\/et_pb_column][et_pb_column type=&#8221;1_2&#8243; _builder_version=&#8221;4.19.4&#8243; _module_preset=&#8221;default&#8221; global_colors_info=&#8221;{}&#8221;][et_pb_blurb title=&#8221;Visitas programadas&#8221; _builder_version=&#8221;4.20.0&#8243; _module_preset=&#8221;default&#8221; hover_enabled=&#8221;0&#8243; global_colors_info=&#8221;{}&#8221; sticky_enabled=&#8221;0&#8243;]<\/p>\n<p><img loading=\"lazy\" decoding=\"async\" src=\"https:\/\/www.wac2027.com\/esp\/wp-content\/uploads\/2023\/02\/cape-town-bus.jpg\" alt=\"\" class=\"wp-image-1518 alignnone size-full\" width=\"600\" height=\"350\" srcset=\"https:\/\/www.wac2027.com\/esp\/wp-content\/uploads\/2023\/02\/cape-town-bus.jpg 600w, https:\/\/www.wac2027.com\/esp\/wp-content\/uploads\/2023\/02\/cape-town-bus-480x280.jpg 480w\" sizes=\"auto, (min-width: 0px) and (max-width: 480px) 480px, (min-width: 481px) 600px, 100vw\" \/><\/p>\n<p>El servicio de autob\u00fas tur\u00edstico &#8220;Hop-on Hop-off&#8221; de color rojo brillante se completa con nueve canales de comentarios multiling\u00fces, adem\u00e1s de un canal &#8220;para ni\u00f1os&#8221;. Los billetes pueden comprarse a bordo del autob\u00fas o en l\u00ednea en <a href=\"https:\/\/www.citysightseeing.co.za\/\" target=\"_blank\" rel=\"noopener\">www.citysightseeing.co.za<\/a> o en el Centro de Informaci\u00f3n Tur\u00edstica de Ciudad del Cabo, en Burg Street.[\/et_pb_blurb][\/et_pb_column][\/et_pb_row][et_pb_row column_structure=&#8221;1_2,1_2&#8243; admin_label=&#8221;3&#8243; module_class=&#8221;abtsa3&#8243; _builder_version=&#8221;4.19.4&#8243; _module_preset=&#8221;default&#8221; global_colors_info=&#8221;{}&#8221;][et_pb_column type=&#8221;1_2&#8243; _builder_version=&#8221;4.19.4&#8243; _module_preset=&#8221;default&#8221; global_colors_info=&#8221;{}&#8221;][et_pb_blurb title=&#8221;Bicicleta&#8221; _builder_version=&#8221;4.20.0&#8243; _module_preset=&#8221;default&#8221; hover_enabled=&#8221;0&#8243; global_colors_info=&#8221;{}&#8221; sticky_enabled=&#8221;0&#8243;]<img loading=\"lazy\" decoding=\"async\" src=\"https:\/\/www.wac2027.com\/esp\/wp-content\/uploads\/2023\/02\/cycling.jpg\" width=\"600\" height=\"350\" alt=\"\" class=\"wp-image-1519 alignnone size-full\" srcset=\"https:\/\/www.wac2027.com\/esp\/wp-content\/uploads\/2023\/02\/cycling.jpg 600w, https:\/\/www.wac2027.com\/esp\/wp-content\/uploads\/2023\/02\/cycling-480x280.jpg 480w\" sizes=\"auto, (min-width: 0px) and (max-width: 480px) 480px, (min-width: 481px) 600px, 100vw\" \/><\/p>\n<p>La ciudad de Ciudad del Cabo trabaja para desarrollar su infraestructura ciclista, y cada vez hay m\u00e1s rutas ciclistas seguras y lugares para montar en bicicleta en la ciudad y sus alrededores, as\u00ed como varias tiendas de alquiler de bicicletas.[\/et_pb_blurb][\/et_pb_column][et_pb_column type=&#8221;1_2&#8243; _builder_version=&#8221;4.19.4&#8243; _module_preset=&#8221;default&#8221; global_colors_info=&#8221;{}&#8221;][\/et_pb_column][\/et_pb_row][\/et_pb_section]<\/p>\n","protected":false},"excerpt":{"rendered":"<p>Inicio\u00a0 \/\/ \u00a0Informaci\u00f3n Tur\u00edsticaHaga clic en la imagen para ver la red de rutas de la temporada de invierno de la IATAEl Aeropuerto Internacional de Ciudad del Cabo (CTIA) es el m\u00e1s premiado de \u00c1frica. Es el tercer aeropuerto m\u00e1s grande de \u00c1frica y recibe a m\u00e1s de 8 millones de pasajeros al a\u00f1o, de [&hellip;]<\/p>\n","protected":false},"author":1,"featured_media":0,"parent":0,"menu_order":0,"comment_status":"closed","ping_status":"closed","template":"","meta":{"_et_pb_use_builder":"on","_et_pb_old_content":"","_et_gb_content_width":"","footnotes":""},"class_list":["post-1468","page","type-page","status-publish","hentry"],"_links":{"self":[{"href":"https:\/\/www.wac2027.com\/esp\/wp-json\/wp\/v2\/pages\/1468","targetHints":{"allow":["GET"]}}],"collection":[{"href":"https:\/\/www.wac2027.com\/esp\/wp-json\/wp\/v2\/pages"}],"about":[{"href":"https:\/\/www.wac2027.com\/esp\/wp-json\/wp\/v2\/types\/page"}],"author":[{"embeddable":true,"href":"https:\/\/www.wac2027.com\/esp\/wp-json\/wp\/v2\/users\/1"}],"replies":[{"embeddable":true,"href":"https:\/\/www.wac2027.com\/esp\/wp-json\/wp\/v2\/comments?post=1468"}],"version-history":[{"count":23,"href":"https:\/\/www.wac2027.com\/esp\/wp-json\/wp\/v2\/pages\/1468\/revisions"}],"predecessor-version":[{"id":1675,"href":"https:\/\/www.wac2027.com\/esp\/wp-json\/wp\/v2\/pages\/1468\/revisions\/1675"}],"wp:attachment":[{"href":"https:\/\/www.wac2027.com\/esp\/wp-json\/wp\/v2\/media?parent=1468"}],"curies":[{"name":"wp","href":"https:\/\/api.w.org\/{rel}","templated":true}]}}