{"id":1118,"date":"2023-01-31T08:42:25","date_gmt":"2023-01-31T06:42:25","guid":{"rendered":"https:\/\/www.wac2027.com\/esp\/?page_id=1118"},"modified":"2023-03-27T12:02:53","modified_gmt":"2023-03-27T10:02:53","slug":"organizacion-anfitriona","status":"publish","type":"page","link":"https:\/\/www.wac2027.com\/esp\/organizacion-anfitriona\/","title":{"rendered":"Organizaci\u00f3n Anfitriona"},"content":{"rendered":"<p>[et_pb_section fb_built=&#8221;1&#8243; module_class=&#8221;page-title&#8221; _builder_version=&#8221;4.19.4&#8243; _module_preset=&#8221;default&#8221; background_image=&#8221;https:\/\/www.wac2027.com\/esp\/wp-content\/uploads\/2023\/01\/DSC3648.jpg&#8221; global_colors_info=&#8221;{}&#8221;][et_pb_row _builder_version=&#8221;4.17.4&#8243; _module_preset=&#8221;default&#8221; global_colors_info=&#8221;{}&#8221;][et_pb_column type=&#8221;4_4&#8243; _builder_version=&#8221;4.17.4&#8243; _module_preset=&#8221;default&#8221; global_colors_info=&#8221;{}&#8221;][et_pb_post_title meta=&#8221;off&#8221; featured_image=&#8221;off&#8221; _builder_version=&#8221;4.17.4&#8243; _module_preset=&#8221;default&#8221; global_colors_info=&#8221;{}&#8221;][\/et_pb_post_title][et_pb_text _builder_version=&#8221;4.20.0&#8243; _module_preset=&#8221;default&#8221; hover_enabled=&#8221;0&#8243; global_colors_info=&#8221;{}&#8221; sticky_enabled=&#8221;0&#8243;]<a href=\"https:\/\/www.wac2027.com\/esp\/wp\">Inicio<\/a>\u00a0 \/\/ \u00a0SAAGA[\/et_pb_text][\/et_pb_column][\/et_pb_row][\/et_pb_section][et_pb_section fb_built=&#8221;1&#8243; module_class=&#8221;pledge&#8221; _builder_version=&#8221;4.19.4&#8243; _module_preset=&#8221;default&#8221; custom_padding=&#8221;0px||0px||false|false&#8221; global_module=&#8221;1383&#8243; saved_tabs=&#8221;all&#8221; global_colors_info=&#8221;{}&#8221;][et_pb_row _builder_version=&#8221;4.19.4&#8243; _module_preset=&#8221;default&#8221; custom_padding=&#8221;0px||0px||false|false&#8221; global_colors_info=&#8221;{}&#8221;][et_pb_column type=&#8221;4_4&#8243; _builder_version=&#8221;4.19.4&#8243; _module_preset=&#8221;default&#8221; global_colors_info=&#8221;{}&#8221;][et_pb_button button_url=&#8221;https:\/\/www.wac2027.com\/esp\/pledge-your-support\/&#8221; button_text=&#8221;BRINDE SU APOYO&#8221; _builder_version=&#8221;4.20.0&#8243; _module_preset=&#8221;default&#8221; global_colors_info=&#8221;{}&#8221;][\/et_pb_button][\/et_pb_column][\/et_pb_row][\/et_pb_section][et_pb_section fb_built=&#8221;1&#8243; _builder_version=&#8221;4.19.4&#8243; _module_preset=&#8221;default&#8221; global_colors_info=&#8221;{}&#8221;][et_pb_row column_structure=&#8221;1_4,3_4&#8243; _builder_version=&#8221;4.19.4&#8243; _module_preset=&#8221;default&#8221; global_colors_info=&#8221;{}&#8221;][et_pb_column type=&#8221;1_4&#8243; _builder_version=&#8221;4.19.4&#8243; _module_preset=&#8221;default&#8221; global_colors_info=&#8221;{}&#8221;][et_pb_image src=&#8221;https:\/\/www.wac2027.com\/esp\/wp-content\/uploads\/2023\/01\/Site-Logo.png&#8221; title_text=&#8221;Site-Logo&#8221; _builder_version=&#8221;4.19.4&#8243; _module_preset=&#8221;default&#8221; global_colors_info=&#8221;{}&#8221;][\/et_pb_image][\/et_pb_column][et_pb_column type=&#8221;3_4&#8243; _builder_version=&#8221;4.19.4&#8243; _module_preset=&#8221;default&#8221; global_colors_info=&#8221;{}&#8221;][et_pb_text _builder_version=&#8221;4.20.0&#8243; _module_preset=&#8221;default&#8221; hover_enabled=&#8221;0&#8243; global_colors_info=&#8221;{}&#8221; sticky_enabled=&#8221;0&#8243;]<\/p>\n<h3 style=\"margin-bottom: 20px;\">Asociaci\u00f3n Sudafricana de Productores de Aguacate<\/h3>\n<p>La Asociaci\u00f3n Sudafricana de Productores de Aguacate (SAAGA) se cre\u00f3 en 1967. Est\u00e1 financiada por los productores y desempe\u00f1a diversas funciones en inter\u00e9s de sus miembros, como la investigaci\u00f3n t\u00e9cnica, el suministro de informaci\u00f3n t\u00e9cnica, la promoci\u00f3n gen\u00e9rica del aguacate, el acceso al mercado, el suministro de informaci\u00f3n sobre el sector y el enlace con el Gobierno.[\/et_pb_text][et_pb_button button_url=&#8221;https:\/\/avocado.co.za\/&#8221; url_new_window=&#8221;on&#8221; button_text=&#8221;Visite nuestro sitio web&#8221; _builder_version=&#8221;4.20.0&#8243; _module_preset=&#8221;default&#8221; custom_button=&#8221;on&#8221; button_bg_color=&#8221;#898989&#8243; hover_enabled=&#8221;0&#8243; global_colors_info=&#8221;{}&#8221; sticky_enabled=&#8221;0&#8243;][\/et_pb_button][\/et_pb_column][\/et_pb_row][\/et_pb_section]<\/p>\n","protected":false},"excerpt":{"rendered":"<p>Inicio\u00a0 \/\/ \u00a0SAAGAAsociaci\u00f3n Sudafricana de Productores de Aguacate La Asociaci\u00f3n Sudafricana de Productores de Aguacate (SAAGA) se cre\u00f3 en 1967. Est\u00e1 financiada por los productores y desempe\u00f1a diversas funciones en inter\u00e9s de sus miembros, como la investigaci\u00f3n t\u00e9cnica, el suministro de informaci\u00f3n t\u00e9cnica, la promoci\u00f3n gen\u00e9rica del aguacate, el acceso al mercado, el suministro de [&hellip;]<\/p>\n","protected":false},"author":1,"featured_media":0,"parent":0,"menu_order":0,"comment_status":"closed","ping_status":"closed","template":"","meta":{"_et_pb_use_builder":"on","_et_pb_old_content":"","_et_gb_content_width":"","footnotes":""},"class_list":["post-1118","page","type-page","status-publish","hentry"],"_links":{"self":[{"href":"https:\/\/www.wac2027.com\/esp\/wp-json\/wp\/v2\/pages\/1118","targetHints":{"allow":["GET"]}}],"collection":[{"href":"https:\/\/www.wac2027.com\/esp\/wp-json\/wp\/v2\/pages"}],"about":[{"href":"https:\/\/www.wac2027.com\/esp\/wp-json\/wp\/v2\/types\/page"}],"author":[{"embeddable":true,"href":"https:\/\/www.wac2027.com\/esp\/wp-json\/wp\/v2\/users\/1"}],"replies":[{"embeddable":true,"href":"https:\/\/www.wac2027.com\/esp\/wp-json\/wp\/v2\/comments?post=1118"}],"version-history":[{"count":15,"href":"https:\/\/www.wac2027.com\/esp\/wp-json\/wp\/v2\/pages\/1118\/revisions"}],"predecessor-version":[{"id":1641,"href":"https:\/\/www.wac2027.com\/esp\/wp-json\/wp\/v2\/pages\/1118\/revisions\/1641"}],"wp:attachment":[{"href":"https:\/\/www.wac2027.com\/esp\/wp-json\/wp\/v2\/media?parent=1118"}],"curies":[{"name":"wp","href":"https:\/\/api.w.org\/{rel}","templated":true}]}}