{"id":1106,"date":"2023-01-30T16:19:40","date_gmt":"2023-01-30T14:19:40","guid":{"rendered":"https:\/\/www.wac2027.com\/esp\/?page_id=1106"},"modified":"2024-10-17T09:33:24","modified_gmt":"2024-10-17T07:33:24","slug":"comite-de-licitacion","status":"publish","type":"page","link":"https:\/\/www.wac2027.com\/esp\/comite-de-licitacion\/","title":{"rendered":"Comit\u00e9 de licitaci\u00f3n"},"content":{"rendered":"<p>[et_pb_section fb_built=&#8221;1&#8243; module_class=&#8221;page-title&#8221; _builder_version=&#8221;4.19.4&#8243; _module_preset=&#8221;default&#8221; background_image=&#8221;https:\/\/www.wac2027.com\/esp\/wp-content\/uploads\/2023\/01\/DSC3648.jpg&#8221; global_colors_info=&#8221;{}&#8221;][et_pb_row _builder_version=&#8221;4.17.4&#8243; _module_preset=&#8221;default&#8221; global_colors_info=&#8221;{}&#8221;][et_pb_column type=&#8221;4_4&#8243; _builder_version=&#8221;4.17.4&#8243; _module_preset=&#8221;default&#8221; global_colors_info=&#8221;{}&#8221;][et_pb_post_title meta=&#8221;off&#8221; featured_image=&#8221;off&#8221; _builder_version=&#8221;4.17.4&#8243; _module_preset=&#8221;default&#8221; global_colors_info=&#8221;{}&#8221;][\/et_pb_post_title][et_pb_text _builder_version=&#8221;4.20.0&#8243; _module_preset=&#8221;default&#8221; custom_padding=&#8221;||4px|||&#8221; global_colors_info=&#8221;{}&#8221;]<a href=\"https:\/\/www.wac2027.com\/esp\/wp\">Inicio<\/a>\u00a0 \/\/ Comit\u00e9 de licitaci\u00f3n[\/et_pb_text][\/et_pb_column][\/et_pb_row][\/et_pb_section][et_pb_section fb_built=&#8221;1&#8243; module_class=&#8221;pledge&#8221; _builder_version=&#8221;4.19.4&#8243; _module_preset=&#8221;default&#8221; custom_padding=&#8221;0px||0px||false|false&#8221; global_module=&#8221;1383&#8243; global_colors_info=&#8221;{}&#8221;][et_pb_row _builder_version=&#8221;4.19.4&#8243; _module_preset=&#8221;default&#8221; custom_padding=&#8221;0px||0px||false|false&#8221; global_colors_info=&#8221;{}&#8221;][et_pb_column type=&#8221;4_4&#8243; _builder_version=&#8221;4.19.4&#8243; _module_preset=&#8221;default&#8221; global_colors_info=&#8221;{}&#8221;][et_pb_button button_url=&#8221;https:\/\/www.wac2027.com\/esp\/brinde-su-apoyo\/&#8221; button_text=&#8221;BRINDE SU APOYO&#8221; _builder_version=&#8221;4.20.0&#8243; _module_preset=&#8221;default&#8221; global_colors_info=&#8221;{}&#8221;][\/et_pb_button][\/et_pb_column][\/et_pb_row][\/et_pb_section][et_pb_section fb_built=&#8221;1&#8243; _builder_version=&#8221;4.19.4&#8243; _module_preset=&#8221;default&#8221; global_colors_info=&#8221;{}&#8221;][et_pb_row column_structure=&#8221;1_2,1_2&#8243; _builder_version=&#8221;4.19.4&#8243; _module_preset=&#8221;default&#8221; global_colors_info=&#8221;{}&#8221;][et_pb_column type=&#8221;1_2&#8243; _builder_version=&#8221;4.19.4&#8243; _module_preset=&#8221;default&#8221; global_colors_info=&#8221;{}&#8221;][et_pb_team_member name=&#8221;Derek Donkin&#8221; image_url=&#8221;https:\/\/www.wac2027.com\/esp\/wp-content\/uploads\/2023\/01\/Derek-Donkin.jpg&#8221; _builder_version=&#8221;4.25.0&#8243; _module_preset=&#8221;default&#8221; text_orientation=&#8221;center&#8221; hover_enabled=&#8221;0&#8243; global_colors_info=&#8221;{}&#8221; sticky_enabled=&#8221;0&#8243;]<\/p>\n<p style=\"text-align: left;\">Derek cuenta con 25 a\u00f1os de experiencia en diversos puestos de la industria sudafricana del aguacate. Ha participado en la organizaci\u00f3n de numerosos simposios del sector, incluidos los siguientes eventos internacionales celebrados en Sud\u00e1frica: El Simposio Internacional de la Macadamia en Sud\u00e1frica en 2009 y 2015, y el Simposio Internacional del Lichi en 2012.<\/p>\n<p>[\/et_pb_team_member][\/et_pb_column][et_pb_column type=&#8221;1_2&#8243; _builder_version=&#8221;4.19.4&#8243; _module_preset=&#8221;default&#8221; global_colors_info=&#8221;{}&#8221;][et_pb_team_member name=&#8221;Zelda van Rooyen (PhD)&#8221; image_url=&#8221;https:\/\/www.wac2027.com\/esp\/wp-content\/uploads\/2023\/01\/Zelda-van-Rooyen.jpg&#8221; _builder_version=&#8221;4.25.0&#8243; _module_preset=&#8221;default&#8221; text_orientation=&#8221;center&#8221; hover_enabled=&#8221;0&#8243; global_colors_info=&#8221;{}&#8221; sticky_enabled=&#8221;0&#8243;]<\/p>\n<p style=\"text-align: left;\">Zelda cuenta con 23 a\u00f1os de experiencia en la investigaci\u00f3n del aguacate. Ha participado activamente en los cuatro Congresos Mundiales del Aguacate anteriores y ha formado parte del Comit\u00e9 Cient\u00edfico del WAC de Colombia. Zelda ha presidido sesiones en anteriores eventos del WAC y es bien conocida en la comunidad investigadora internacional. Tiene experiencia como coorganizadora de anteriores reuniones internacionales de investigaci\u00f3n conocidas en todo el mundo y ha presentado ponencias en muchos eventos internacionales sobre el aguacate, ya sea como &#8220;ponente invitada&#8221;, como presidenta de una sesi\u00f3n o como ponente ella misma.<\/p>\n<p>[\/et_pb_team_member][\/et_pb_column][\/et_pb_row][et_pb_row column_structure=&#8221;1_2,1_2&#8243; _builder_version=&#8221;4.19.4&#8243; _module_preset=&#8221;default&#8221; global_colors_info=&#8221;{}&#8221;][et_pb_column type=&#8221;1_2&#8243; _builder_version=&#8221;4.19.4&#8243; _module_preset=&#8221;default&#8221; global_colors_info=&#8221;{}&#8221;][et_pb_team_member name=&#8221;Donovan Lewis&#8221; image_url=&#8221;https:\/\/www.wac2027.com\/esp\/wp-content\/uploads\/2023\/01\/Donovan-Lewis-1-1.jpg&#8221; _builder_version=&#8221;4.25.0&#8243; _module_preset=&#8221;default&#8221; text_orientation=&#8221;center&#8221; hover_enabled=&#8221;0&#8243; global_colors_info=&#8221;{}&#8221; sticky_enabled=&#8221;0&#8243;]<\/p>\n<p style=\"text-align: left;\">Donovan tiene una amplia experiencia en marketing y ha estado involucrado en la industria del aguacate desde 2013. Ha organizado numerosos Simposios Maluma y ha realizado estudios de marketing centrados en el transporte, la maduraci\u00f3n y la promoci\u00f3n del aguacate. Donovan es actualmente director de un almac\u00e9n de empaquetado y de una empresa de exportaci\u00f3n en la industria del aguacate.<\/p>\n<p>[\/et_pb_team_member][\/et_pb_column][et_pb_column type=&#8221;1_2&#8243; _builder_version=&#8221;4.19.4&#8243; _module_preset=&#8221;default&#8221; global_colors_info=&#8221;{}&#8221;][\/et_pb_column][\/et_pb_row][\/et_pb_section]<\/p>\n","protected":false},"excerpt":{"rendered":"<p>Inicio\u00a0 \/\/ Comit\u00e9 de licitaci\u00f3nDerek cuenta con 25 a\u00f1os de experiencia en diversos puestos de la industria sudafricana del aguacate. Ha participado en la organizaci\u00f3n de numerosos simposios del sector, incluidos los siguientes eventos internacionales celebrados en Sud\u00e1frica: El Simposio Internacional de la Macadamia en Sud\u00e1frica en 2009 y 2015, y el Simposio Internacional del [&hellip;]<\/p>\n","protected":false},"author":1,"featured_media":0,"parent":0,"menu_order":0,"comment_status":"closed","ping_status":"closed","template":"","meta":{"_et_pb_use_builder":"on","_et_pb_old_content":"","_et_gb_content_width":"","footnotes":""},"class_list":["post-1106","page","type-page","status-publish","hentry"],"_links":{"self":[{"href":"https:\/\/www.wac2027.com\/esp\/wp-json\/wp\/v2\/pages\/1106","targetHints":{"allow":["GET"]}}],"collection":[{"href":"https:\/\/www.wac2027.com\/esp\/wp-json\/wp\/v2\/pages"}],"about":[{"href":"https:\/\/www.wac2027.com\/esp\/wp-json\/wp\/v2\/types\/page"}],"author":[{"embeddable":true,"href":"https:\/\/www.wac2027.com\/esp\/wp-json\/wp\/v2\/users\/1"}],"replies":[{"embeddable":true,"href":"https:\/\/www.wac2027.com\/esp\/wp-json\/wp\/v2\/comments?post=1106"}],"version-history":[{"count":21,"href":"https:\/\/www.wac2027.com\/esp\/wp-json\/wp\/v2\/pages\/1106\/revisions"}],"predecessor-version":[{"id":1725,"href":"https:\/\/www.wac2027.com\/esp\/wp-json\/wp\/v2\/pages\/1106\/revisions\/1725"}],"wp:attachment":[{"href":"https:\/\/www.wac2027.com\/esp\/wp-json\/wp\/v2\/media?parent=1106"}],"curies":[{"name":"wp","href":"https:\/\/api.w.org\/{rel}","templated":true}]}}